{"id":17,"date":"2021-05-23T10:45:17","date_gmt":"2021-05-23T08:45:17","guid":{"rendered":"http:\/\/islfrance.com\/?page_id=17"},"modified":"2021-05-24T15:22:51","modified_gmt":"2021-05-24T13:22:51","slug":"accueil","status":"publish","type":"page","link":"https:\/\/islfrance.com\/","title":{"rendered":"Accueil"},"content":{"rendered":"\n<p class=\"has-medium-font-size\"><span class=\"has-inline-color has-blue-color\">La soci\u00e9t\u00e9 ISL France est sp\u00e9cialis\u00e9e depuis 10 ans dans le domaine de la couverture industrielle, de l\u2019\u00e9tanch\u00e9ification des toitures, et dans le bardage.<\/span><\/p>\n\n\n\n<p>Nous maitrisons la pose des \u00e9l\u00e9ments de couverture de type :<\/p>\n\n\n\n<ul><li>Couverture bac sec en complexe de toiture de type froide et chaude.<\/li><li>Couverture type panneaux sandwichs.<\/li><li>Couverture \u00e9tanch\u00e9it\u00e9 bitumineuse et membrane PVC.<\/li><li>Couverture translucide sur bac sec et panneau sandwich.<\/li><li>Couverture type KALZIP<\/li><li>Lanterneaux et voutes (\u00e9clairantes et de d\u00e9senfumage).<\/li><li>Sorties de toiture industrielles.<\/li><li>Isolation sous couverture type SHEDISOL.<\/li><li>Couverture complexe acoustique et thermique.<\/li><li>Pose des \u00e9vacuations d\u2019eaux pluviales gravitaires et sipho\u00efdes.<\/li><li>Pose des garde-corps en toiture sur \u00e9tanch\u00e9it\u00e9 ou bac acier.<\/li><\/ul>\n\n\n\n<p>Nous maitrisons la pose des \u00e9l\u00e9ments de bardage :<\/p>\n\n\n\n<ul><li>Bardage simple peau (bac acier, cassette, lame).<\/li><li>Bardage double peau (bac acier, cassette, lame).<\/li><li>Bardage composite type FUNDERMAX ou TRESPA.<\/li><li>Bardage type translucide.<\/li><li>Bardage bois.<\/li><li>Bardage aluminium.<\/li><li>Bardage KALZIP.<\/li><li>Isolations thermiques.<\/li><\/ul>\n\n\n\n<p>Nous disposons \u00e0 ce jour d\u2019une base de r\u00e9f\u00e9rences qui peut t\u00e9moigner de l\u2019ampleur des chantiers auxquels nous sommes habitu\u00e9s \u00e0 r\u00e9pondre.<\/p>\n\n\n\n<p><em><strong><span style=\"color:#fa0f07\" class=\"has-inline-color\">L\u2019ensemble de nos travaux sont couverts par une assurance d\u00e9cennale.<\/span><\/strong><\/em><\/p>\n","protected":false},"excerpt":{"rendered":"<p>La soci\u00e9t\u00e9 ISL France est sp\u00e9cialis\u00e9e depuis 10 ans dans le domaine de la couverture industrielle, de l\u2019\u00e9tanch\u00e9ification des toitures, et dans le bardage. Nous maitrisons la pose des \u00e9l\u00e9ments de couverture de type : Couverture bac sec en complexe &hellip; <a href=\"https:\/\/islfrance.com\/\">Continue reading <span class=\"meta-nav\">&rarr;<\/span><\/a><\/p>\n","protected":false},"author":1,"featured_media":0,"parent":0,"menu_order":0,"comment_status":"closed","ping_status":"closed","template":"","meta":[],"_links":{"self":[{"href":"https:\/\/islfrance.com\/index.php\/wp-json\/wp\/v2\/pages\/17"}],"collection":[{"href":"https:\/\/islfrance.com\/index.php\/wp-json\/wp\/v2\/pages"}],"about":[{"href":"https:\/\/islfrance.com\/index.php\/wp-json\/wp\/v2\/types\/page"}],"author":[{"embeddable":true,"href":"https:\/\/islfrance.com\/index.php\/wp-json\/wp\/v2\/users\/1"}],"replies":[{"embeddable":true,"href":"https:\/\/islfrance.com\/index.php\/wp-json\/wp\/v2\/comments?post=17"}],"version-history":[{"count":4,"href":"https:\/\/islfrance.com\/index.php\/wp-json\/wp\/v2\/pages\/17\/revisions"}],"predecessor-version":[{"id":77,"href":"https:\/\/islfrance.com\/index.php\/wp-json\/wp\/v2\/pages\/17\/revisions\/77"}],"wp:attachment":[{"href":"https:\/\/islfrance.com\/index.php\/wp-json\/wp\/v2\/media?parent=17"}],"curies":[{"name":"wp","href":"https:\/\/api.w.org\/{rel}","templated":true}]}}